{"id":19076,"date":"2023-08-25T18:21:41","date_gmt":"2023-08-25T21:21:41","guid":{"rendered":"https:\/\/abrelivros.org.br\/site\/?page_id=19076"},"modified":"2023-08-29T12:43:09","modified_gmt":"2023-08-29T15:43:09","slug":"anuario-abrelivros-2023","status":"publish","type":"page","link":"https:\/\/abrelivros.org.br\/site\/anuario-abrelivros-2023\/","title":{"rendered":"Anu\u00e1rio Abrelivros 2023"},"content":{"rendered":"\t\t<div data-elementor-type=\"wp-page\" data-elementor-id=\"19076\" class=\"elementor elementor-19076\" data-elementor-post-type=\"page\">\n\t\t\t\t\t\t<section class=\"elementor-section elementor-top-section elementor-element elementor-element-71eaf05 elementor-section-boxed elementor-section-height-default elementor-section-height-default\" data-id=\"71eaf05\" data-element_type=\"section\">\n\t\t\t\t\t\t<div class=\"elementor-container elementor-column-gap-default\">\n\t\t\t\t\t<div class=\"elementor-column elementor-col-50 elementor-top-column elementor-element elementor-element-da78b9f\" data-id=\"da78b9f\" data-element_type=\"column\" data-settings=\"{&quot;background_background&quot;:&quot;classic&quot;}\">\n\t\t\t<div class=\"elementor-widget-wrap elementor-element-populated\">\n\t\t\t\t\t\t<div class=\"elementor-element elementor-element-731bb695 elementor-widget elementor-widget-text-editor\" data-id=\"731bb695\" data-element_type=\"widget\" data-widget_type=\"text-editor.default\">\n\t\t\t\t<div class=\"elementor-widget-container\">\n\t\t\t\t\t\t\t\t\t<p><img fetchpriority=\"high\" decoding=\"async\" class=\"alignleft wp-image-19071\" src=\"https:\/\/abrelivros.org.br\/site\/wp-content\/uploads\/2023\/08\/capa_anuario2023-724x1024.jpg\" alt=\"\" width=\"400\" height=\"566\" srcset=\"https:\/\/abrelivros.org.br\/site\/wp-content\/uploads\/2023\/08\/capa_anuario2023-724x1024.jpg 724w, https:\/\/abrelivros.org.br\/site\/wp-content\/uploads\/2023\/08\/capa_anuario2023-212x300.jpg 212w, https:\/\/abrelivros.org.br\/site\/wp-content\/uploads\/2023\/08\/capa_anuario2023-768x1087.jpg 768w, https:\/\/abrelivros.org.br\/site\/wp-content\/uploads\/2023\/08\/capa_anuario2023.jpg 826w\" sizes=\"(max-width: 400px) 100vw, 400px\" \/><\/p><p>\u00a0<\/p>\t\t\t\t\t\t\t\t<\/div>\n\t\t\t\t<\/div>\n\t\t\t\t\t<\/div>\n\t\t<\/div>\n\t\t\t\t<div class=\"elementor-column elementor-col-50 elementor-top-column elementor-element elementor-element-50f086b\" data-id=\"50f086b\" data-element_type=\"column\">\n\t\t\t<div class=\"elementor-widget-wrap elementor-element-populated\">\n\t\t\t\t\t\t<div class=\"elementor-element elementor-element-79953e2 elementor-widget elementor-widget-text-editor\" data-id=\"79953e2\" data-element_type=\"widget\" data-widget_type=\"text-editor.default\">\n\t\t\t\t<div class=\"elementor-widget-container\">\n\t\t\t\t\t\t\t\t\t<p>A segunda edi\u00e7\u00e3o do Anu\u00e1rio Abrelivros traz aos leitores os n\u00fameros atualizados do Programa Nacional do Livro Did\u00e1tico (PNLD) e os indicadores centrais da Educa\u00e7\u00e3o, com um amplo conjunto de informa\u00e7\u00f5es sobre a produ\u00e7\u00e3o de conte\u00fados did\u00e1ticos \u2013 que chegaram a 30,6 milh\u00f5es de alunos nas escolas p\u00fablicas brasileiras em 2022.<\/p><p>Com a participa\u00e7\u00e3o de educadores, formuladores de pol\u00edticas p\u00fablicas, pesquisadores e editores, esta edi\u00e7\u00e3o tem como foco a implanta\u00e7\u00e3o da Base Nacional Comum Curricular (BNCC), desde sua concep\u00e7\u00e3o at\u00e9 a chegada \u00e0 sala de aula. O Anu\u00e1rio tamb\u00e9m demonstra como esse trabalho \u00e9 essencial para a constru\u00e7\u00e3o de pol\u00edticas educacionais democr\u00e1ticas.<\/p><p><a href=\"https:\/\/abrelivros.org.br\/anuario\/2023\/Anuario_Abrelivros_2023.pdf\" target=\"_blank\" rel=\"noopener noreferrer\">Anu\u00e1rio Abrelivros 2023<\/a> (link para baixar em PDF)<\/p><p><a href=\"https:\/\/abrelivros.org.br\/anuario\/2023\/Anuario_Abrelivros_2023.epub\" target=\"_blank\" rel=\"noopener noreferrer\">Anu\u00e1rio Abrelivros 2023<\/a> (link para baixar em EPUB)<\/p><p><a href=\"https:\/\/abrelivros.org.br\/anuario\/2023\/EPUB_Tutorial.pdf\" target=\"_blank\" rel=\"noopener noreferrer\">Tutorial<\/a> (link do tutorial para baixar e ler EPUB)<\/p>\t\t\t\t\t\t\t\t<\/div>\n\t\t\t\t<\/div>\n\t\t\t\t\t<\/div>\n\t\t<\/div>\n\t\t\t\t\t<\/div>\n\t\t<\/section>\n\t\t\t\t<section class=\"elementor-section elementor-top-section elementor-element elementor-element-93cdf8d elementor-section-boxed elementor-section-height-default elementor-section-height-default\" data-id=\"93cdf8d\" data-element_type=\"section\">\n\t\t\t\t\t\t<div class=\"elementor-container elementor-column-gap-default\">\n\t\t\t\t\t<div class=\"elementor-column elementor-col-100 elementor-top-column elementor-element elementor-element-605f84f4\" data-id=\"605f84f4\" data-element_type=\"column\">\n\t\t\t<div class=\"elementor-widget-wrap\">\n\t\t\t\t\t\t\t<\/div>\n\t\t<\/div>\n\t\t\t\t\t<\/div>\n\t\t<\/section>\n\t\t\t\t<section class=\"elementor-section elementor-top-section elementor-element elementor-element-4cc46e7 elementor-section-boxed elementor-section-height-default elementor-section-height-default\" data-id=\"4cc46e7\" data-element_type=\"section\">\n\t\t\t\t\t\t<div class=\"elementor-container elementor-column-gap-default\">\n\t\t\t\t\t<div class=\"elementor-column elementor-col-100 elementor-top-column elementor-element elementor-element-25ef3f2\" data-id=\"25ef3f2\" data-element_type=\"column\">\n\t\t\t<div class=\"elementor-widget-wrap\">\n\t\t\t\t\t\t\t<\/div>\n\t\t<\/div>\n\t\t\t\t\t<\/div>\n\t\t<\/section>\n\t\t\t\t<\/div>\n\t\t","protected":false},"excerpt":{"rendered":"<p>\u00a0 A segunda edi\u00e7\u00e3o do Anu\u00e1rio Abrelivros traz aos leitores os n\u00fameros atualizados do Programa Nacional do Livro Did\u00e1tico (PNLD) e os indicadores centrais da Educa\u00e7\u00e3o, com um amplo conjunto de informa\u00e7\u00f5es sobre a produ\u00e7\u00e3o de conte\u00fados did\u00e1ticos \u2013 que chegaram a 30,6 milh\u00f5es de alunos nas escolas p\u00fablicas brasileiras em 2022. Com a participa\u00e7\u00e3o [&hellip;]<\/p>\n","protected":false},"author":1,"featured_media":0,"parent":0,"menu_order":0,"comment_status":"closed","ping_status":"closed","template":"","meta":{"footnotes":"","_links_to":"","_links_to_target":""},"class_list":["post-19076","page","type-page","status-publish","hentry"],"yoast_head":"<!-- This site is optimized with the Yoast SEO plugin v15.1 - https:\/\/yoast.com\/wordpress\/plugins\/seo\/ -->\n<title>Anu\u00e1rio Abrelivros 2023 &raquo; Abrelivros<\/title>\n<meta name=\"robots\" content=\"index, follow, max-snippet:-1, max-image-preview:large, max-video-preview:-1\" \/>\n<link rel=\"canonical\" href=\"https:\/\/abrelivros.org.br\/site\/anuario-abrelivros-2023\/\" \/>\n<meta property=\"og:locale\" content=\"pt_BR\" \/>\n<meta property=\"og:type\" content=\"article\" \/>\n<meta property=\"og:title\" content=\"Anu\u00e1rio Abrelivros 2023 &raquo; Abrelivros\" \/>\n<meta property=\"og:description\" content=\"\u00a0 A segunda edi\u00e7\u00e3o do Anu\u00e1rio Abrelivros traz aos leitores os n\u00fameros atualizados do Programa Nacional do Livro Did\u00e1tico (PNLD) e os indicadores centrais da Educa\u00e7\u00e3o, com um amplo conjunto de informa\u00e7\u00f5es sobre a produ\u00e7\u00e3o de conte\u00fados did\u00e1ticos \u2013 que chegaram a 30,6 milh\u00f5es de alunos nas escolas p\u00fablicas brasileiras em 2022. Com a participa\u00e7\u00e3o [&hellip;]\" \/>\n<meta property=\"og:url\" content=\"https:\/\/abrelivros.org.br\/site\/anuario-abrelivros-2023\/\" \/>\n<meta property=\"og:site_name\" content=\"Abrelivros\" \/>\n<meta property=\"article:modified_time\" content=\"2023-08-29T15:43:09+00:00\" \/>\n<meta property=\"og:image\" content=\"https:\/\/abrelivros.org.br\/site\/wp-content\/uploads\/2023\/08\/capa_anuario2023-724x1024.jpg\" \/>\n<meta name=\"twitter:card\" content=\"summary_large_image\" \/>\n<script type=\"application\/ld+json\" class=\"yoast-schema-graph\">{\"@context\":\"https:\/\/schema.org\",\"@graph\":[{\"@type\":\"WebSite\",\"@id\":\"https:\/\/abrelivros.org.br\/site\/#website\",\"url\":\"https:\/\/abrelivros.org.br\/site\/\",\"name\":\"Abrelivros\",\"description\":\"\",\"potentialAction\":[{\"@type\":\"SearchAction\",\"target\":\"https:\/\/abrelivros.org.br\/site\/?s={search_term_string}\",\"query-input\":\"required name=search_term_string\"}],\"inLanguage\":\"pt-BR\"},{\"@type\":\"ImageObject\",\"@id\":\"https:\/\/abrelivros.org.br\/site\/anuario-abrelivros-2023\/#primaryimage\",\"inLanguage\":\"pt-BR\",\"url\":\"https:\/\/abrelivros.org.br\/site\/wp-content\/uploads\/2023\/08\/capa_anuario2023.jpg\",\"width\":826,\"height\":1169},{\"@type\":\"WebPage\",\"@id\":\"https:\/\/abrelivros.org.br\/site\/anuario-abrelivros-2023\/#webpage\",\"url\":\"https:\/\/abrelivros.org.br\/site\/anuario-abrelivros-2023\/\",\"name\":\"Anu\\u00e1rio Abrelivros 2023 &raquo; Abrelivros\",\"isPartOf\":{\"@id\":\"https:\/\/abrelivros.org.br\/site\/#website\"},\"primaryImageOfPage\":{\"@id\":\"https:\/\/abrelivros.org.br\/site\/anuario-abrelivros-2023\/#primaryimage\"},\"datePublished\":\"2023-08-25T21:21:41+00:00\",\"dateModified\":\"2023-08-29T15:43:09+00:00\",\"breadcrumb\":{\"@id\":\"https:\/\/abrelivros.org.br\/site\/anuario-abrelivros-2023\/#breadcrumb\"},\"inLanguage\":\"pt-BR\",\"potentialAction\":[{\"@type\":\"ReadAction\",\"target\":[\"https:\/\/abrelivros.org.br\/site\/anuario-abrelivros-2023\/\"]}]},{\"@type\":\"BreadcrumbList\",\"@id\":\"https:\/\/abrelivros.org.br\/site\/anuario-abrelivros-2023\/#breadcrumb\",\"itemListElement\":[{\"@type\":\"ListItem\",\"position\":1,\"item\":{\"@type\":\"WebPage\",\"@id\":\"https:\/\/abrelivros.org.br\/site\/\",\"url\":\"https:\/\/abrelivros.org.br\/site\/\",\"name\":\"In\\u00edcio\"}},{\"@type\":\"ListItem\",\"position\":2,\"item\":{\"@type\":\"WebPage\",\"@id\":\"https:\/\/abrelivros.org.br\/site\/anuario-abrelivros-2023\/\",\"url\":\"https:\/\/abrelivros.org.br\/site\/anuario-abrelivros-2023\/\",\"name\":\"Anu\\u00e1rio Abrelivros 2023\"}}]}]}<\/script>\n<!-- \/ Yoast SEO plugin. -->","_links":{"self":[{"href":"https:\/\/abrelivros.org.br\/site\/wp-json\/wp\/v2\/pages\/19076","targetHints":{"allow":["GET"]}}],"collection":[{"href":"https:\/\/abrelivros.org.br\/site\/wp-json\/wp\/v2\/pages"}],"about":[{"href":"https:\/\/abrelivros.org.br\/site\/wp-json\/wp\/v2\/types\/page"}],"author":[{"embeddable":true,"href":"https:\/\/abrelivros.org.br\/site\/wp-json\/wp\/v2\/users\/1"}],"replies":[{"embeddable":true,"href":"https:\/\/abrelivros.org.br\/site\/wp-json\/wp\/v2\/comments?post=19076"}],"version-history":[{"count":13,"href":"https:\/\/abrelivros.org.br\/site\/wp-json\/wp\/v2\/pages\/19076\/revisions"}],"predecessor-version":[{"id":19100,"href":"https:\/\/abrelivros.org.br\/site\/wp-json\/wp\/v2\/pages\/19076\/revisions\/19100"}],"wp:attachment":[{"href":"https:\/\/abrelivros.org.br\/site\/wp-json\/wp\/v2\/media?parent=19076"}],"curies":[{"name":"wp","href":"https:\/\/api.w.org\/{rel}","templated":true}]}}