{"id":18410,"date":"2023-04-06T08:36:18","date_gmt":"2023-04-06T11:36:18","guid":{"rendered":"https:\/\/abrelivros.org.br\/site\/?page_id=18410"},"modified":"2023-05-05T09:08:59","modified_gmt":"2023-05-05T12:08:59","slug":"livro-digital-papel-e-digital-pesquisa-sobre-a-eficacia-dos-materiais-didaticos","status":"publish","type":"page","link":"https:\/\/abrelivros.org.br\/site\/livro-digital-papel-e-digital-pesquisa-sobre-a-eficacia-dos-materiais-didaticos\/","title":{"rendered":"Livro digital &#8220;Papel e Digital: Pesquisa sobre a efic\u00e1cia dos materiais did\u00e1ticos&#8221;"},"content":{"rendered":"\t\t<div data-elementor-type=\"wp-page\" data-elementor-id=\"18410\" class=\"elementor elementor-18410\" data-elementor-post-type=\"page\">\n\t\t\t\t\t\t<section class=\"elementor-section elementor-top-section elementor-element elementor-element-2de46cc0 elementor-section-boxed elementor-section-height-default elementor-section-height-default\" data-id=\"2de46cc0\" data-element_type=\"section\">\n\t\t\t\t\t\t<div class=\"elementor-container elementor-column-gap-default\">\n\t\t\t\t\t<div class=\"elementor-column elementor-col-100 elementor-top-column elementor-element elementor-element-5a483ea1\" data-id=\"5a483ea1\" data-element_type=\"column\">\n\t\t\t<div class=\"elementor-widget-wrap elementor-element-populated\">\n\t\t\t\t\t\t<div class=\"elementor-element elementor-element-37fd44c2 elementor-widget elementor-widget-text-editor\" data-id=\"37fd44c2\" data-element_type=\"widget\" data-widget_type=\"text-editor.default\">\n\t\t\t\t<div class=\"elementor-widget-container\">\n\t\t\t\t\t\t\t\t\t<p><a href=\"https:\/\/abrelivros.org.br\/site\/wp-content\/uploads\/2023\/04\/LIVRO_DIGITAL_Papel_e_Digital_Pesquisa_sobre_a_eficacia_dos_materiais_didaticos.pdf\" target=\"_blank\" rel=\"noopener noreferrer\"><img fetchpriority=\"high\" decoding=\"async\" class=\"alignleft wp-image-18411 size-full\" src=\"https:\/\/abrelivros.org.br\/site\/wp-content\/uploads\/2023\/04\/LIVRO_DIGITAL_Papel_e_Digital.png\" alt=\"\" width=\"415\" height=\"587\" srcset=\"https:\/\/abrelivros.org.br\/site\/wp-content\/uploads\/2023\/04\/LIVRO_DIGITAL_Papel_e_Digital.png 415w, https:\/\/abrelivros.org.br\/site\/wp-content\/uploads\/2023\/04\/LIVRO_DIGITAL_Papel_e_Digital-212x300.png 212w\" sizes=\"(max-width: 415px) 100vw, 415px\" \/><\/a><\/p><p>O estudo \u201cPapel e Digital: Pesquisa sobre a efic\u00e1cia dos materiais did\u00e1ticos\u201d, elaborado pela International Publishers Association (IPA) e a Norwegian Publishers Association, analisa a inser\u00e7\u00e3o dos materiais did\u00e1ticos por meios digitais e como o livro impresso continua sendo um importante instrumento de aprendizagem.<\/p><p>O trabalho apresenta uma avalia\u00e7\u00e3o qualitativa da efic\u00e1cia dos livros digitais na educa\u00e7\u00e3o e uma verifica\u00e7\u00e3o sobre como os materiais did\u00e1ticos podem ter seu potencial mais bem aproveitado, al\u00e9m de recomendar as melhores pr\u00e1ticas para o desenvolvimento de novos produtos voltados ao ensino.<\/p><p>Clique na imagem do livro digital &#8220;Papel e Digital: Pesquisa sobre a efic\u00e1cia dos materiais did\u00e1ticos&#8221; para ler e baixar.<\/p>\t\t\t\t\t\t\t\t<\/div>\n\t\t\t\t<\/div>\n\t\t\t\t\t<\/div>\n\t\t<\/div>\n\t\t\t\t\t<\/div>\n\t\t<\/section>\n\t\t\t\t<\/div>\n\t\t","protected":false},"excerpt":{"rendered":"<p>O estudo \u201cPapel e Digital: Pesquisa sobre a efic\u00e1cia dos materiais did\u00e1ticos\u201d, elaborado pela International Publishers Association (IPA) e a Norwegian Publishers Association, analisa a inser\u00e7\u00e3o dos materiais did\u00e1ticos por meios digitais e como o livro impresso continua sendo um importante instrumento de aprendizagem. O trabalho apresenta uma avalia\u00e7\u00e3o qualitativa da efic\u00e1cia dos livros digitais [&hellip;]<\/p>\n","protected":false},"author":1,"featured_media":0,"parent":0,"menu_order":0,"comment_status":"closed","ping_status":"closed","template":"","meta":{"footnotes":"","_links_to":"","_links_to_target":""},"class_list":["post-18410","page","type-page","status-publish","hentry"],"yoast_head":"<!-- This site is optimized with the Yoast SEO plugin v15.1 - https:\/\/yoast.com\/wordpress\/plugins\/seo\/ -->\n<title>Livro digital &quot;Papel e Digital: Pesquisa sobre a efic\u00e1cia dos materiais did\u00e1ticos&quot; &raquo; Abrelivros<\/title>\n<meta name=\"robots\" content=\"index, follow, max-snippet:-1, max-image-preview:large, max-video-preview:-1\" \/>\n<link rel=\"canonical\" href=\"https:\/\/abrelivros.org.br\/site\/livro-digital-papel-e-digital-pesquisa-sobre-a-eficacia-dos-materiais-didaticos\/\" \/>\n<meta property=\"og:locale\" content=\"pt_BR\" \/>\n<meta property=\"og:type\" content=\"article\" \/>\n<meta property=\"og:title\" content=\"Livro digital &quot;Papel e Digital: Pesquisa sobre a efic\u00e1cia dos materiais did\u00e1ticos&quot; &raquo; Abrelivros\" \/>\n<meta property=\"og:description\" content=\"O estudo \u201cPapel e Digital: Pesquisa sobre a efic\u00e1cia dos materiais did\u00e1ticos\u201d, elaborado pela International Publishers Association (IPA) e a Norwegian Publishers Association, analisa a inser\u00e7\u00e3o dos materiais did\u00e1ticos por meios digitais e como o livro impresso continua sendo um importante instrumento de aprendizagem. O trabalho apresenta uma avalia\u00e7\u00e3o qualitativa da efic\u00e1cia dos livros digitais [&hellip;]\" \/>\n<meta property=\"og:url\" content=\"https:\/\/abrelivros.org.br\/site\/livro-digital-papel-e-digital-pesquisa-sobre-a-eficacia-dos-materiais-didaticos\/\" \/>\n<meta property=\"og:site_name\" content=\"Abrelivros\" \/>\n<meta property=\"article:modified_time\" content=\"2023-05-05T12:08:59+00:00\" \/>\n<meta property=\"og:image\" content=\"https:\/\/abrelivros.org.br\/site\/wp-content\/uploads\/2023\/04\/LIVRO_DIGITAL_Papel_e_Digital.png\" \/>\n<meta name=\"twitter:card\" content=\"summary_large_image\" \/>\n<script type=\"application\/ld+json\" class=\"yoast-schema-graph\">{\"@context\":\"https:\/\/schema.org\",\"@graph\":[{\"@type\":\"WebSite\",\"@id\":\"https:\/\/abrelivros.org.br\/site\/#website\",\"url\":\"https:\/\/abrelivros.org.br\/site\/\",\"name\":\"Abrelivros\",\"description\":\"\",\"potentialAction\":[{\"@type\":\"SearchAction\",\"target\":\"https:\/\/abrelivros.org.br\/site\/?s={search_term_string}\",\"query-input\":\"required name=search_term_string\"}],\"inLanguage\":\"pt-BR\"},{\"@type\":\"ImageObject\",\"@id\":\"https:\/\/abrelivros.org.br\/site\/livro-digital-papel-e-digital-pesquisa-sobre-a-eficacia-dos-materiais-didaticos\/#primaryimage\",\"inLanguage\":\"pt-BR\",\"url\":\"https:\/\/abrelivros.org.br\/site\/wp-content\/uploads\/2023\/04\/LIVRO_DIGITAL_Papel_e_Digital.png\",\"width\":415,\"height\":587},{\"@type\":\"WebPage\",\"@id\":\"https:\/\/abrelivros.org.br\/site\/livro-digital-papel-e-digital-pesquisa-sobre-a-eficacia-dos-materiais-didaticos\/#webpage\",\"url\":\"https:\/\/abrelivros.org.br\/site\/livro-digital-papel-e-digital-pesquisa-sobre-a-eficacia-dos-materiais-didaticos\/\",\"name\":\"Livro digital \\\"Papel e Digital: Pesquisa sobre a efic\\u00e1cia dos materiais did\\u00e1ticos\\\" &raquo; Abrelivros\",\"isPartOf\":{\"@id\":\"https:\/\/abrelivros.org.br\/site\/#website\"},\"primaryImageOfPage\":{\"@id\":\"https:\/\/abrelivros.org.br\/site\/livro-digital-papel-e-digital-pesquisa-sobre-a-eficacia-dos-materiais-didaticos\/#primaryimage\"},\"datePublished\":\"2023-04-06T11:36:18+00:00\",\"dateModified\":\"2023-05-05T12:08:59+00:00\",\"breadcrumb\":{\"@id\":\"https:\/\/abrelivros.org.br\/site\/livro-digital-papel-e-digital-pesquisa-sobre-a-eficacia-dos-materiais-didaticos\/#breadcrumb\"},\"inLanguage\":\"pt-BR\",\"potentialAction\":[{\"@type\":\"ReadAction\",\"target\":[\"https:\/\/abrelivros.org.br\/site\/livro-digital-papel-e-digital-pesquisa-sobre-a-eficacia-dos-materiais-didaticos\/\"]}]},{\"@type\":\"BreadcrumbList\",\"@id\":\"https:\/\/abrelivros.org.br\/site\/livro-digital-papel-e-digital-pesquisa-sobre-a-eficacia-dos-materiais-didaticos\/#breadcrumb\",\"itemListElement\":[{\"@type\":\"ListItem\",\"position\":1,\"item\":{\"@type\":\"WebPage\",\"@id\":\"https:\/\/abrelivros.org.br\/site\/\",\"url\":\"https:\/\/abrelivros.org.br\/site\/\",\"name\":\"In\\u00edcio\"}},{\"@type\":\"ListItem\",\"position\":2,\"item\":{\"@type\":\"WebPage\",\"@id\":\"https:\/\/abrelivros.org.br\/site\/livro-digital-papel-e-digital-pesquisa-sobre-a-eficacia-dos-materiais-didaticos\/\",\"url\":\"https:\/\/abrelivros.org.br\/site\/livro-digital-papel-e-digital-pesquisa-sobre-a-eficacia-dos-materiais-didaticos\/\",\"name\":\"Livro digital &#8220;Papel e Digital: Pesquisa sobre a efic\\u00e1cia dos materiais did\\u00e1ticos&#8221;\"}}]}]}<\/script>\n<!-- \/ Yoast SEO plugin. -->","_links":{"self":[{"href":"https:\/\/abrelivros.org.br\/site\/wp-json\/wp\/v2\/pages\/18410","targetHints":{"allow":["GET"]}}],"collection":[{"href":"https:\/\/abrelivros.org.br\/site\/wp-json\/wp\/v2\/pages"}],"about":[{"href":"https:\/\/abrelivros.org.br\/site\/wp-json\/wp\/v2\/types\/page"}],"author":[{"embeddable":true,"href":"https:\/\/abrelivros.org.br\/site\/wp-json\/wp\/v2\/users\/1"}],"replies":[{"embeddable":true,"href":"https:\/\/abrelivros.org.br\/site\/wp-json\/wp\/v2\/comments?post=18410"}],"version-history":[{"count":11,"href":"https:\/\/abrelivros.org.br\/site\/wp-json\/wp\/v2\/pages\/18410\/revisions"}],"predecessor-version":[{"id":19077,"href":"https:\/\/abrelivros.org.br\/site\/wp-json\/wp\/v2\/pages\/18410\/revisions\/19077"}],"wp:attachment":[{"href":"https:\/\/abrelivros.org.br\/site\/wp-json\/wp\/v2\/media?parent=18410"}],"curies":[{"name":"wp","href":"https:\/\/api.w.org\/{rel}","templated":true}]}}