{"id":10991,"date":"2020-10-13T16:12:31","date_gmt":"2020-10-13T19:12:31","guid":{"rendered":"https:\/\/abrelivros.org.br\/site\/?page_id=10991"},"modified":"2020-10-30T14:41:12","modified_gmt":"2020-10-30T17:41:12","slug":"como-se-associar","status":"publish","type":"page","link":"https:\/\/abrelivros.org.br\/site\/a-entidade\/como-se-associar\/","title":{"rendered":"Como se associar"},"content":{"rendered":"<p>A Associa\u00e7\u00e3o Brasileira de Editores e Produtores de Conte\u00fado e Tecnologia Educacional \u2013 Abrelivros, \u00e9 uma entidade civil sem fins lucrativos fundada em 1991, que congrega 21 editoras de livros escolares e produtores de conte\u00fado e tecnologia educacional de diversas partes do pa\u00eds.<\/p>\n<p>Podem tornar-se s\u00f3cios da Abrelivros todas as pessoas jur\u00eddicas, controladas por capitais privados e estabelecidas no pa\u00eds, que tenham por atividade a produ\u00e7\u00e3o de livros, de conte\u00fado educacional ou de tecnologias educacionais.<\/p>\n<p>Acreditamos ser de suma import\u00e2ncia que todos aqueles que sejam editores de livros escolares, produtores de conte\u00fado e\/ou de tecnologia educacional venham participar e colaborar conosco para que possamos expressar e representar os reais interesses de todos os envolvidos nessa atividade.<\/p>\n<p>Para conhecer melhor os benef\u00edcios e vantagens em se associar, consulte as p\u00e1ginas sobre a entidade, servi\u00e7os e atividades.<\/p>\n<p>Aguardamos um contato por telefone (11 3826-9071 ) ou e-mail <a href=\"mailto:abrelivros@abrelivros.org.br\">abrelivros@abrelivros.org.br<\/a>\u00a0para que nossa diretoria possa eventualmente apreciar a solicita\u00e7\u00e3o de filia\u00e7\u00e3o de sua empresa.<\/p>\n","protected":false},"excerpt":{"rendered":"<p>A Associa\u00e7\u00e3o Brasileira de Editores e Produtores de Conte\u00fado e Tecnologia Educacional \u2013 Abrelivros, \u00e9 uma entidade civil sem fins lucrativos fundada em 1991, que congrega 21 editoras de livros escolares e produtores de conte\u00fado e tecnologia educacional de diversas partes do pa\u00eds. Podem tornar-se s\u00f3cios da Abrelivros todas as pessoas jur\u00eddicas, controladas por capitais [&hellip;]<\/p>\n","protected":false},"author":1,"featured_media":0,"parent":10981,"menu_order":5,"comment_status":"closed","ping_status":"closed","template":"","meta":{"footnotes":"","_links_to":"","_links_to_target":""},"class_list":["post-10991","page","type-page","status-publish","hentry"],"yoast_head":"<!-- This site is optimized with the Yoast SEO plugin v15.1 - https:\/\/yoast.com\/wordpress\/plugins\/seo\/ -->\n<title>Como se associar &raquo; Abrelivros<\/title>\n<meta name=\"robots\" content=\"index, follow, max-snippet:-1, max-image-preview:large, max-video-preview:-1\" \/>\n<link rel=\"canonical\" href=\"https:\/\/abrelivros.org.br\/site\/a-entidade\/como-se-associar\/\" \/>\n<meta property=\"og:locale\" content=\"pt_BR\" \/>\n<meta property=\"og:type\" content=\"article\" \/>\n<meta property=\"og:title\" content=\"Como se associar &raquo; Abrelivros\" \/>\n<meta property=\"og:description\" content=\"A Associa\u00e7\u00e3o Brasileira de Editores e Produtores de Conte\u00fado e Tecnologia Educacional \u2013 Abrelivros, \u00e9 uma entidade civil sem fins lucrativos fundada em 1991, que congrega 21 editoras de livros escolares e produtores de conte\u00fado e tecnologia educacional de diversas partes do pa\u00eds. Podem tornar-se s\u00f3cios da Abrelivros todas as pessoas jur\u00eddicas, controladas por capitais [&hellip;]\" \/>\n<meta property=\"og:url\" content=\"https:\/\/abrelivros.org.br\/site\/a-entidade\/como-se-associar\/\" \/>\n<meta property=\"og:site_name\" content=\"Abrelivros\" \/>\n<meta property=\"article:modified_time\" content=\"2020-10-30T17:41:12+00:00\" \/>\n<meta name=\"twitter:card\" content=\"summary_large_image\" \/>\n<script type=\"application\/ld+json\" class=\"yoast-schema-graph\">{\"@context\":\"https:\/\/schema.org\",\"@graph\":[{\"@type\":\"WebSite\",\"@id\":\"https:\/\/abrelivros.org.br\/site\/#website\",\"url\":\"https:\/\/abrelivros.org.br\/site\/\",\"name\":\"Abrelivros\",\"description\":\"\",\"potentialAction\":[{\"@type\":\"SearchAction\",\"target\":\"https:\/\/abrelivros.org.br\/site\/?s={search_term_string}\",\"query-input\":\"required name=search_term_string\"}],\"inLanguage\":\"pt-BR\"},{\"@type\":\"WebPage\",\"@id\":\"https:\/\/abrelivros.org.br\/site\/a-entidade\/como-se-associar\/#webpage\",\"url\":\"https:\/\/abrelivros.org.br\/site\/a-entidade\/como-se-associar\/\",\"name\":\"Como se associar &raquo; Abrelivros\",\"isPartOf\":{\"@id\":\"https:\/\/abrelivros.org.br\/site\/#website\"},\"datePublished\":\"2020-10-13T19:12:31+00:00\",\"dateModified\":\"2020-10-30T17:41:12+00:00\",\"breadcrumb\":{\"@id\":\"https:\/\/abrelivros.org.br\/site\/a-entidade\/como-se-associar\/#breadcrumb\"},\"inLanguage\":\"pt-BR\",\"potentialAction\":[{\"@type\":\"ReadAction\",\"target\":[\"https:\/\/abrelivros.org.br\/site\/a-entidade\/como-se-associar\/\"]}]},{\"@type\":\"BreadcrumbList\",\"@id\":\"https:\/\/abrelivros.org.br\/site\/a-entidade\/como-se-associar\/#breadcrumb\",\"itemListElement\":[{\"@type\":\"ListItem\",\"position\":1,\"item\":{\"@type\":\"WebPage\",\"@id\":\"https:\/\/abrelivros.org.br\/site\/\",\"url\":\"https:\/\/abrelivros.org.br\/site\/\",\"name\":\"In\\u00edcio\"}},{\"@type\":\"ListItem\",\"position\":2,\"item\":{\"@type\":\"WebPage\",\"@id\":\"https:\/\/abrelivros.org.br\/site\/a-entidade\/\",\"url\":\"https:\/\/abrelivros.org.br\/site\/a-entidade\/\",\"name\":\"A Entidade\"}},{\"@type\":\"ListItem\",\"position\":3,\"item\":{\"@type\":\"WebPage\",\"@id\":\"https:\/\/abrelivros.org.br\/site\/a-entidade\/como-se-associar\/\",\"url\":\"https:\/\/abrelivros.org.br\/site\/a-entidade\/como-se-associar\/\",\"name\":\"Como se associar\"}}]}]}<\/script>\n<!-- \/ Yoast SEO plugin. -->","_links":{"self":[{"href":"https:\/\/abrelivros.org.br\/site\/wp-json\/wp\/v2\/pages\/10991","targetHints":{"allow":["GET"]}}],"collection":[{"href":"https:\/\/abrelivros.org.br\/site\/wp-json\/wp\/v2\/pages"}],"about":[{"href":"https:\/\/abrelivros.org.br\/site\/wp-json\/wp\/v2\/types\/page"}],"author":[{"embeddable":true,"href":"https:\/\/abrelivros.org.br\/site\/wp-json\/wp\/v2\/users\/1"}],"replies":[{"embeddable":true,"href":"https:\/\/abrelivros.org.br\/site\/wp-json\/wp\/v2\/comments?post=10991"}],"version-history":[{"count":3,"href":"https:\/\/abrelivros.org.br\/site\/wp-json\/wp\/v2\/pages\/10991\/revisions"}],"predecessor-version":[{"id":11718,"href":"https:\/\/abrelivros.org.br\/site\/wp-json\/wp\/v2\/pages\/10991\/revisions\/11718"}],"up":[{"embeddable":true,"href":"https:\/\/abrelivros.org.br\/site\/wp-json\/wp\/v2\/pages\/10981"}],"wp:attachment":[{"href":"https:\/\/abrelivros.org.br\/site\/wp-json\/wp\/v2\/media?parent=10991"}],"curies":[{"name":"wp","href":"https:\/\/api.w.org\/{rel}","templated":true}]}}