{"id":10984,"date":"2020-10-13T16:03:58","date_gmt":"2020-10-13T19:03:58","guid":{"rendered":"https:\/\/abrelivros.org.br\/site\/?page_id=10984"},"modified":"2020-10-13T16:05:40","modified_gmt":"2020-10-13T19:05:40","slug":"codigo-de-etica","status":"publish","type":"page","link":"https:\/\/abrelivros.org.br\/site\/a-entidade\/codigo-de-etica\/","title":{"rendered":"C\u00f3digo de \u00c9tica"},"content":{"rendered":"<h3><span style=\"color: #f76363;\"><a style=\"color: #f76363;\" href=\"https:\/\/abrelivros.org.br\/site\/images\/Codigo_de_Etica_revisto_abril_2007_timbrado.pdf\" target=\"_blank\" rel=\"noopener noreferrer\">C\u00f3digo de \u00c9tica da Abrelivros [clique aqui]<\/a><\/span><\/h3>\n<p>(Necessita do programa Adobe Acrobat Reader)<\/p>\n<p><span style=\"color: #ffffff;\">.<\/span><\/p>\n<h3><span style=\"color: #333333;\">Pacto de Educa\u00e7\u00e3o \u00c9tica<\/span><\/h3>\n<p>Em agosto de 2017, as editoras \u00c1tica, Base, Brasil, Escala Educacional, FTD, Global, Ibep, Leya, Macmillan, Moderna, Positivo, Quinteto, Saraiva, Scipione e SM firmaram o Pacto Educa\u00e7\u00e3o \u00c9tica. O Pacto \u00e9 um compromisso do setor para a promo\u00e7\u00e3o de um ambiente \u00e9tico no \u00e2mbito do PNLD, fortalecendo a constru\u00e7\u00e3o de uma cultura de boas pr\u00e1ticas de governan\u00e7a, gest\u00e3o de riscos e compliance.<\/p>\n<p>Conhe\u00e7a o <span style=\"color: #f76363;\"><a style=\"color: #f76363;\" href=\"https:\/\/abrelivros.org.br\/site\/wp-content\/uploads\/2013\/10\/PACTO_EDUCACAO_ETICA_03_08_17.pdf\" target=\"_blank\" rel=\"noopener noreferrer\">Pacto de Educa\u00e7\u00e3o \u00c9tica<\/a><\/span><br \/>\n(Clique no link para abrir \/ Necessita do programa Adobe Acrobat Reader)<\/p>\n<p><span style=\"color: #ffffff;\">.<\/span><\/p>\n<h3><span style=\"color: #f76363;\"><a style=\"color: #f76363;\" href=\"https:\/\/abrelivros.org.br\/site\/linha-etica-da-abrelivros\/\">Linha \u00c9tica Abrelivros [clique aqui]<\/a><\/span><\/h3>\n<p>(Necessita do programa Adobe Acrobat Reader)<\/p>\n","protected":false},"excerpt":{"rendered":"<p>C\u00f3digo de \u00c9tica da Abrelivros [clique aqui] (Necessita do programa Adobe Acrobat Reader) . Pacto de Educa\u00e7\u00e3o \u00c9tica Em agosto de 2017, as editoras \u00c1tica, Base, Brasil, Escala Educacional, FTD, Global, Ibep, Leya, Macmillan, Moderna, Positivo, Quinteto, Saraiva, Scipione e SM firmaram o Pacto Educa\u00e7\u00e3o \u00c9tica. O Pacto \u00e9 um compromisso do setor para a [&hellip;]<\/p>\n","protected":false},"author":1,"featured_media":0,"parent":10981,"menu_order":3,"comment_status":"closed","ping_status":"closed","template":"","meta":{"footnotes":"","_links_to":"","_links_to_target":""},"class_list":["post-10984","page","type-page","status-publish","hentry"],"yoast_head":"<!-- This site is optimized with the Yoast SEO plugin v15.1 - https:\/\/yoast.com\/wordpress\/plugins\/seo\/ -->\n<title>C\u00f3digo de \u00c9tica &raquo; Abrelivros<\/title>\n<meta name=\"robots\" content=\"index, follow, max-snippet:-1, max-image-preview:large, max-video-preview:-1\" \/>\n<link rel=\"canonical\" href=\"https:\/\/abrelivros.org.br\/site\/a-entidade\/codigo-de-etica\/\" \/>\n<meta property=\"og:locale\" content=\"pt_BR\" \/>\n<meta property=\"og:type\" content=\"article\" \/>\n<meta property=\"og:title\" content=\"C\u00f3digo de \u00c9tica &raquo; Abrelivros\" \/>\n<meta property=\"og:description\" content=\"C\u00f3digo de \u00c9tica da Abrelivros [clique aqui] (Necessita do programa Adobe Acrobat Reader) . Pacto de Educa\u00e7\u00e3o \u00c9tica Em agosto de 2017, as editoras \u00c1tica, Base, Brasil, Escala Educacional, FTD, Global, Ibep, Leya, Macmillan, Moderna, Positivo, Quinteto, Saraiva, Scipione e SM firmaram o Pacto Educa\u00e7\u00e3o \u00c9tica. O Pacto \u00e9 um compromisso do setor para a [&hellip;]\" \/>\n<meta property=\"og:url\" content=\"https:\/\/abrelivros.org.br\/site\/a-entidade\/codigo-de-etica\/\" \/>\n<meta property=\"og:site_name\" content=\"Abrelivros\" \/>\n<meta property=\"article:modified_time\" content=\"2020-10-13T19:05:40+00:00\" \/>\n<meta name=\"twitter:card\" content=\"summary_large_image\" \/>\n<script type=\"application\/ld+json\" class=\"yoast-schema-graph\">{\"@context\":\"https:\/\/schema.org\",\"@graph\":[{\"@type\":\"WebSite\",\"@id\":\"https:\/\/abrelivros.org.br\/site\/#website\",\"url\":\"https:\/\/abrelivros.org.br\/site\/\",\"name\":\"Abrelivros\",\"description\":\"\",\"potentialAction\":[{\"@type\":\"SearchAction\",\"target\":\"https:\/\/abrelivros.org.br\/site\/?s={search_term_string}\",\"query-input\":\"required name=search_term_string\"}],\"inLanguage\":\"pt-BR\"},{\"@type\":\"WebPage\",\"@id\":\"https:\/\/abrelivros.org.br\/site\/a-entidade\/codigo-de-etica\/#webpage\",\"url\":\"https:\/\/abrelivros.org.br\/site\/a-entidade\/codigo-de-etica\/\",\"name\":\"C\\u00f3digo de \\u00c9tica &raquo; Abrelivros\",\"isPartOf\":{\"@id\":\"https:\/\/abrelivros.org.br\/site\/#website\"},\"datePublished\":\"2020-10-13T19:03:58+00:00\",\"dateModified\":\"2020-10-13T19:05:40+00:00\",\"breadcrumb\":{\"@id\":\"https:\/\/abrelivros.org.br\/site\/a-entidade\/codigo-de-etica\/#breadcrumb\"},\"inLanguage\":\"pt-BR\",\"potentialAction\":[{\"@type\":\"ReadAction\",\"target\":[\"https:\/\/abrelivros.org.br\/site\/a-entidade\/codigo-de-etica\/\"]}]},{\"@type\":\"BreadcrumbList\",\"@id\":\"https:\/\/abrelivros.org.br\/site\/a-entidade\/codigo-de-etica\/#breadcrumb\",\"itemListElement\":[{\"@type\":\"ListItem\",\"position\":1,\"item\":{\"@type\":\"WebPage\",\"@id\":\"https:\/\/abrelivros.org.br\/site\/\",\"url\":\"https:\/\/abrelivros.org.br\/site\/\",\"name\":\"In\\u00edcio\"}},{\"@type\":\"ListItem\",\"position\":2,\"item\":{\"@type\":\"WebPage\",\"@id\":\"https:\/\/abrelivros.org.br\/site\/a-entidade\/\",\"url\":\"https:\/\/abrelivros.org.br\/site\/a-entidade\/\",\"name\":\"A Entidade\"}},{\"@type\":\"ListItem\",\"position\":3,\"item\":{\"@type\":\"WebPage\",\"@id\":\"https:\/\/abrelivros.org.br\/site\/a-entidade\/codigo-de-etica\/\",\"url\":\"https:\/\/abrelivros.org.br\/site\/a-entidade\/codigo-de-etica\/\",\"name\":\"C\\u00f3digo de \\u00c9tica\"}}]}]}<\/script>\n<!-- \/ Yoast SEO plugin. -->","_links":{"self":[{"href":"https:\/\/abrelivros.org.br\/site\/wp-json\/wp\/v2\/pages\/10984","targetHints":{"allow":["GET"]}}],"collection":[{"href":"https:\/\/abrelivros.org.br\/site\/wp-json\/wp\/v2\/pages"}],"about":[{"href":"https:\/\/abrelivros.org.br\/site\/wp-json\/wp\/v2\/types\/page"}],"author":[{"embeddable":true,"href":"https:\/\/abrelivros.org.br\/site\/wp-json\/wp\/v2\/users\/1"}],"replies":[{"embeddable":true,"href":"https:\/\/abrelivros.org.br\/site\/wp-json\/wp\/v2\/comments?post=10984"}],"version-history":[{"count":1,"href":"https:\/\/abrelivros.org.br\/site\/wp-json\/wp\/v2\/pages\/10984\/revisions"}],"predecessor-version":[{"id":10985,"href":"https:\/\/abrelivros.org.br\/site\/wp-json\/wp\/v2\/pages\/10984\/revisions\/10985"}],"up":[{"embeddable":true,"href":"https:\/\/abrelivros.org.br\/site\/wp-json\/wp\/v2\/pages\/10981"}],"wp:attachment":[{"href":"https:\/\/abrelivros.org.br\/site\/wp-json\/wp\/v2\/media?parent=10984"}],"curies":[{"name":"wp","href":"https:\/\/api.w.org\/{rel}","templated":true}]}}